{"id":17,"date":"2021-11-07T19:12:16","date_gmt":"2021-11-07T19:12:16","guid":{"rendered":"https:\/\/jimsl.net\/?page_id=17"},"modified":"2023-01-16T12:09:06","modified_gmt":"2023-01-16T12:09:06","slug":"colibri-wp","status":"publish","type":"page","link":"https:\/\/jimsl.net\/","title":{"rendered":"INICI"},"content":{"rendered":"\t\t<div data-elementor-type=\"wp-page\" data-elementor-id=\"17\" class=\"elementor elementor-17\">\n\t\t\t\t\t\t\t\t\t<section class=\"elementor-section elementor-top-section elementor-element elementor-element-2f884070 elementor-section-boxed elementor-section-height-default elementor-section-height-default\" data-id=\"2f884070\" data-element_type=\"section\">\n\t\t\t\t\t\t<div class=\"elementor-container elementor-column-gap-default\">\n\t\t\t\t\t<div class=\"elementor-column elementor-col-100 elementor-top-column elementor-element elementor-element-3d751a4c\" data-id=\"3d751a4c\" data-element_type=\"column\">\n\t\t\t<div class=\"elementor-widget-wrap elementor-element-populated\">\n\t\t\t\t\t\t\t\t<div class=\"elementor-element elementor-element-758a6889 elementor-widget elementor-widget-text-editor\" data-id=\"758a6889\" data-element_type=\"widget\" data-widget_type=\"text-editor.default\">\n\t\t\t\t<div class=\"elementor-widget-container\">\n\t\t\t<style>\/*! elementor - v3.10.0 - 09-01-2023 *\/\n.elementor-widget-text-editor.elementor-drop-cap-view-stacked .elementor-drop-cap{background-color:#818a91;color:#fff}.elementor-widget-text-editor.elementor-drop-cap-view-framed .elementor-drop-cap{color:#818a91;border:3px solid;background-color:transparent}.elementor-widget-text-editor:not(.elementor-drop-cap-view-default) .elementor-drop-cap{margin-top:8px}.elementor-widget-text-editor:not(.elementor-drop-cap-view-default) .elementor-drop-cap-letter{width:1em;height:1em}.elementor-widget-text-editor .elementor-drop-cap{float:left;text-align:center;line-height:1;font-size:50px}.elementor-widget-text-editor .elementor-drop-cap-letter{display:inline-block}<\/style>\t\t\t\t<div data-colibri-id=\"17-c1\" class=\"style-378 style-local-17-c1 position-relative\">\n  <!---->\n<\/div>\t\t\t\t\t\t<\/div>\n\t\t\t\t<\/div>\n\t\t\t\t\t<\/div>\n\t\t<\/div>\n\t\t\t\t\t\t\t<\/div>\n\t\t<\/section>\n\t\t\t\t<section class=\"elementor-section elementor-top-section elementor-element elementor-element-0a241d5 elementor-section-boxed elementor-section-height-default elementor-section-height-default\" data-id=\"0a241d5\" data-element_type=\"section\">\n\t\t\t\t\t\t<div class=\"elementor-container elementor-column-gap-default\">\n\t\t\t\t\t<div class=\"elementor-column elementor-col-100 elementor-top-column elementor-element elementor-element-32dbadc\" data-id=\"32dbadc\" data-element_type=\"column\">\n\t\t\t<div class=\"elementor-widget-wrap elementor-element-populated\">\n\t\t\t\t\t\t\t\t<div class=\"elementor-element elementor-element-799c048 elementor-widget elementor-widget-text-editor\" data-id=\"799c048\" data-element_type=\"widget\" data-widget_type=\"text-editor.default\">\n\t\t\t\t<div class=\"elementor-widget-container\">\n\t\t\t\t\t\t\t<p><b>Jim, s.l.<\/b> \u00e9s una empresa de serveis de neteja de Granollers que des de 1985 ha at\u00e8s satisfact\u00f2riament la demanda dels clients en vers a la neteja. Gr\u00e0cies a l&#8217;\u00e0mplia traject\u00f2ria i experi\u00e8ncia en el sector, entenem els problemes de neteja que afronten els clients dia a dia i la necessitat&nbsp; d&#8217;afrontar aquests de manera eficient i professional.&nbsp;<\/p>\n<p>Per aquest motiu, la nostra empresa est\u00e0 formada per un grup de professionals, altament formats i qualificats, compromesos en la realitzaci\u00f3 d&#8217;un servei de qualitat en tot moment.<\/p>\n<p>La nostra empresa ofereix un servei adaptat a la disponibilitat del client en funci\u00f3 a les seves necessitats a trav\u00e9s d&#8217;un servei ocasional o durader en el temps, \u00e9s a dir, un manteniment setmanal, quienzenal, mensual o bimensual de les seves instal\u00b7lacions o vivenda particular.&nbsp;<\/p>\t\t\t\t\t\t<\/div>\n\t\t\t\t<\/div>\n\t\t\t\t\t<\/div>\n\t\t<\/div>\n\t\t\t\t\t\t\t<\/div>\n\t\t<\/section>\n\t\t\t\t<section class=\"elementor-section elementor-top-section elementor-element elementor-element-61b6145 elementor-section-boxed elementor-section-height-default elementor-section-height-default\" data-id=\"61b6145\" data-element_type=\"section\">\n\t\t\t\t\t\t<div class=\"elementor-container elementor-column-gap-default\">\n\t\t\t\t\t<div class=\"elementor-column elementor-col-25 elementor-top-column elementor-element elementor-element-898e533\" data-id=\"898e533\" data-element_type=\"column\">\n\t\t\t<div class=\"elementor-widget-wrap elementor-element-populated\">\n\t\t\t\t\t\t\t\t<div class=\"elementor-element elementor-element-67396cb elementor-widget elementor-widget-image\" data-id=\"67396cb\" data-element_type=\"widget\" data-widget_type=\"image.default\">\n\t\t\t\t<div class=\"elementor-widget-container\">\n\t\t\t<style>\/*! elementor - v3.10.0 - 09-01-2023 *\/\n.elementor-widget-image{text-align:center}.elementor-widget-image a{display:inline-block}.elementor-widget-image a img[src$=\".svg\"]{width:48px}.elementor-widget-image img{vertical-align:middle;display:inline-block}<\/style>\t\t\t\t\t\t\t\t\t\t\t\t<img loading=\"lazy\" decoding=\"async\" width=\"768\" height=\"1024\" src=\"https:\/\/jimsl.net\/wp-content\/uploads\/2021\/11\/IMG_7042-768x1024.jpg\" class=\"attachment-large size-large wp-image-226\" alt=\"\" srcset=\"https:\/\/jimsl.net\/wp-content\/uploads\/2021\/11\/IMG_7042-768x1024.jpg 768w, https:\/\/jimsl.net\/wp-content\/uploads\/2021\/11\/IMG_7042-225x300.jpg 225w, https:\/\/jimsl.net\/wp-content\/uploads\/2021\/11\/IMG_7042-1152x1536.jpg 1152w, https:\/\/jimsl.net\/wp-content\/uploads\/2021\/11\/IMG_7042-1536x2048.jpg 1536w, https:\/\/jimsl.net\/wp-content\/uploads\/2021\/11\/IMG_7042-scaled.jpg 1920w\" sizes=\"auto, (max-width: 768px) 100vw, 768px\" \/>\t\t\t\t\t\t\t\t\t\t\t\t\t\t\t<\/div>\n\t\t\t\t<\/div>\n\t\t\t\t\t<\/div>\n\t\t<\/div>\n\t\t\t\t<div class=\"elementor-column elementor-col-25 elementor-top-column elementor-element elementor-element-56d1157\" data-id=\"56d1157\" data-element_type=\"column\">\n\t\t\t<div class=\"elementor-widget-wrap elementor-element-populated\">\n\t\t\t\t\t\t\t\t<div class=\"elementor-element elementor-element-f6989ac elementor-widget elementor-widget-image\" data-id=\"f6989ac\" data-element_type=\"widget\" data-widget_type=\"image.default\">\n\t\t\t\t<div class=\"elementor-widget-container\">\n\t\t\t\t\t\t\t\t\t\t\t\t\t\t\t<img loading=\"lazy\" decoding=\"async\" width=\"768\" height=\"1024\" src=\"https:\/\/jimsl.net\/wp-content\/uploads\/2021\/11\/IMG_7500-768x1024.jpg\" class=\"attachment-large size-large wp-image-234\" alt=\"\" srcset=\"https:\/\/jimsl.net\/wp-content\/uploads\/2021\/11\/IMG_7500-768x1024.jpg 768w, https:\/\/jimsl.net\/wp-content\/uploads\/2021\/11\/IMG_7500-225x300.jpg 225w, https:\/\/jimsl.net\/wp-content\/uploads\/2021\/11\/IMG_7500-1152x1536.jpg 1152w, https:\/\/jimsl.net\/wp-content\/uploads\/2021\/11\/IMG_7500-1536x2048.jpg 1536w, https:\/\/jimsl.net\/wp-content\/uploads\/2021\/11\/IMG_7500-scaled.jpg 1920w\" sizes=\"auto, (max-width: 768px) 100vw, 768px\" \/>\t\t\t\t\t\t\t\t\t\t\t\t\t\t\t<\/div>\n\t\t\t\t<\/div>\n\t\t\t\t\t<\/div>\n\t\t<\/div>\n\t\t\t\t<div class=\"elementor-column elementor-col-25 elementor-top-column elementor-element elementor-element-f6afba5\" data-id=\"f6afba5\" data-element_type=\"column\">\n\t\t\t<div class=\"elementor-widget-wrap elementor-element-populated\">\n\t\t\t\t\t\t\t\t<div class=\"elementor-element elementor-element-30a56d6 elementor-widget elementor-widget-image\" data-id=\"30a56d6\" data-element_type=\"widget\" data-widget_type=\"image.default\">\n\t\t\t\t<div class=\"elementor-widget-container\">\n\t\t\t\t\t\t\t\t\t\t\t\t\t\t\t<img loading=\"lazy\" decoding=\"async\" width=\"768\" height=\"1024\" src=\"https:\/\/jimsl.net\/wp-content\/uploads\/2021\/11\/IMG_7424-768x1024.jpg\" class=\"attachment-large size-large wp-image-227\" alt=\"\" srcset=\"https:\/\/jimsl.net\/wp-content\/uploads\/2021\/11\/IMG_7424-768x1024.jpg 768w, https:\/\/jimsl.net\/wp-content\/uploads\/2021\/11\/IMG_7424-225x300.jpg 225w, https:\/\/jimsl.net\/wp-content\/uploads\/2021\/11\/IMG_7424-1152x1536.jpg 1152w, https:\/\/jimsl.net\/wp-content\/uploads\/2021\/11\/IMG_7424-1536x2048.jpg 1536w, https:\/\/jimsl.net\/wp-content\/uploads\/2021\/11\/IMG_7424-scaled.jpg 1920w\" sizes=\"auto, (max-width: 768px) 100vw, 768px\" \/>\t\t\t\t\t\t\t\t\t\t\t\t\t\t\t<\/div>\n\t\t\t\t<\/div>\n\t\t\t\t\t<\/div>\n\t\t<\/div>\n\t\t\t\t<div class=\"elementor-column elementor-col-25 elementor-top-column elementor-element elementor-element-ce9076d\" data-id=\"ce9076d\" data-element_type=\"column\">\n\t\t\t<div class=\"elementor-widget-wrap elementor-element-populated\">\n\t\t\t\t\t\t\t\t<div class=\"elementor-element elementor-element-982dfcb elementor-widget elementor-widget-image\" data-id=\"982dfcb\" data-element_type=\"widget\" data-widget_type=\"image.default\">\n\t\t\t\t<div class=\"elementor-widget-container\">\n\t\t\t\t\t\t\t\t\t\t\t\t\t\t\t<img loading=\"lazy\" decoding=\"async\" width=\"768\" height=\"1024\" src=\"https:\/\/jimsl.net\/wp-content\/uploads\/2021\/11\/IMG_7815-1-768x1024.jpg\" class=\"attachment-large size-large wp-image-242\" alt=\"\" srcset=\"https:\/\/jimsl.net\/wp-content\/uploads\/2021\/11\/IMG_7815-1-768x1024.jpg 768w, https:\/\/jimsl.net\/wp-content\/uploads\/2021\/11\/IMG_7815-1-225x300.jpg 225w, https:\/\/jimsl.net\/wp-content\/uploads\/2021\/11\/IMG_7815-1-1152x1536.jpg 1152w, https:\/\/jimsl.net\/wp-content\/uploads\/2021\/11\/IMG_7815-1-1536x2048.jpg 1536w, https:\/\/jimsl.net\/wp-content\/uploads\/2021\/11\/IMG_7815-1-scaled.jpg 1920w\" sizes=\"auto, (max-width: 768px) 100vw, 768px\" \/>\t\t\t\t\t\t\t\t\t\t\t\t\t\t\t<\/div>\n\t\t\t\t<\/div>\n\t\t\t\t\t<\/div>\n\t\t<\/div>\n\t\t\t\t\t\t\t<\/div>\n\t\t<\/section>\n\t\t\t\t\t\t\t<\/div>\n\t\t","protected":false},"excerpt":{"rendered":"","protected":false},"author":2,"featured_media":0,"parent":0,"menu_order":0,"comment_status":"closed","ping_status":"closed","template":"page-templates\/homepage.php","meta":{"footnotes":""},"class_list":["post-17","page","type-page","status-publish","hentry"],"_links":{"self":[{"href":"https:\/\/jimsl.net\/index.php?rest_route=\/wp\/v2\/pages\/17","targetHints":{"allow":["GET"]}}],"collection":[{"href":"https:\/\/jimsl.net\/index.php?rest_route=\/wp\/v2\/pages"}],"about":[{"href":"https:\/\/jimsl.net\/index.php?rest_route=\/wp\/v2\/types\/page"}],"author":[{"embeddable":true,"href":"https:\/\/jimsl.net\/index.php?rest_route=\/wp\/v2\/users\/2"}],"replies":[{"embeddable":true,"href":"https:\/\/jimsl.net\/index.php?rest_route=%2Fwp%2Fv2%2Fcomments&post=17"}],"version-history":[{"count":13,"href":"https:\/\/jimsl.net\/index.php?rest_route=\/wp\/v2\/pages\/17\/revisions"}],"predecessor-version":[{"id":558,"href":"https:\/\/jimsl.net\/index.php?rest_route=\/wp\/v2\/pages\/17\/revisions\/558"}],"wp:attachment":[{"href":"https:\/\/jimsl.net\/index.php?rest_route=%2Fwp%2Fv2%2Fmedia&parent=17"}],"curies":[{"name":"wp","href":"https:\/\/api.w.org\/{rel}","templated":true}]}}