{"id":132,"date":"2021-11-07T20:18:02","date_gmt":"2021-11-07T20:18:02","guid":{"rendered":"https:\/\/jimsl.net\/?page_id=132"},"modified":"2021-11-09T10:53:51","modified_gmt":"2021-11-09T10:53:51","slug":"garanties","status":"publish","type":"page","link":"https:\/\/jimsl.net\/?page_id=132","title":{"rendered":"GARANTIES"},"content":{"rendered":"\t\t<div data-elementor-type=\"wp-page\" data-elementor-id=\"132\" class=\"elementor elementor-132\">\n\t\t\t\t\t\t\t\t\t<section class=\"elementor-section elementor-top-section elementor-element elementor-element-7082d8c elementor-section-boxed elementor-section-height-default elementor-section-height-default\" data-id=\"7082d8c\" data-element_type=\"section\">\n\t\t\t\t\t\t<div class=\"elementor-container elementor-column-gap-default\">\n\t\t\t\t\t<div class=\"elementor-column elementor-col-100 elementor-top-column elementor-element elementor-element-7868ae8e\" data-id=\"7868ae8e\" data-element_type=\"column\">\n\t\t\t<div class=\"elementor-widget-wrap elementor-element-populated\">\n\t\t\t\t\t\t\t\t<div class=\"elementor-element elementor-element-7f73f8df elementor-widget elementor-widget-text-editor\" data-id=\"7f73f8df\" data-element_type=\"widget\" data-widget_type=\"text-editor.default\">\n\t\t\t\t<div class=\"elementor-widget-container\">\n\t\t\t<style>\/*! elementor - v3.10.0 - 09-01-2023 *\/\n.elementor-widget-text-editor.elementor-drop-cap-view-stacked .elementor-drop-cap{background-color:#818a91;color:#fff}.elementor-widget-text-editor.elementor-drop-cap-view-framed .elementor-drop-cap{color:#818a91;border:3px solid;background-color:transparent}.elementor-widget-text-editor:not(.elementor-drop-cap-view-default) .elementor-drop-cap{margin-top:8px}.elementor-widget-text-editor:not(.elementor-drop-cap-view-default) .elementor-drop-cap-letter{width:1em;height:1em}.elementor-widget-text-editor .elementor-drop-cap{float:left;text-align:center;line-height:1;font-size:50px}.elementor-widget-text-editor .elementor-drop-cap-letter{display:inline-block}<\/style>\t\t\t\t<div data-colibri-id=\"132-c1\" class=\"style-237 style-local-132-c1 position-relative\">\n  <!---->\n<\/div>\t\t\t\t\t\t<\/div>\n\t\t\t\t<\/div>\n\t\t\t\t\t<\/div>\n\t\t<\/div>\n\t\t\t\t\t\t\t<\/div>\n\t\t<\/section>\n\t\t\t\t<section class=\"elementor-section elementor-top-section elementor-element elementor-element-7e7b7da elementor-section-boxed elementor-section-height-default elementor-section-height-default\" data-id=\"7e7b7da\" data-element_type=\"section\">\n\t\t\t\t\t\t<div class=\"elementor-container elementor-column-gap-default\">\n\t\t\t\t\t<div class=\"elementor-column elementor-col-66 elementor-top-column elementor-element elementor-element-65737f7\" data-id=\"65737f7\" data-element_type=\"column\">\n\t\t\t<div class=\"elementor-widget-wrap elementor-element-populated\">\n\t\t\t\t\t\t\t\t<div class=\"elementor-element elementor-element-f0ba600 elementor-widget elementor-widget-text-editor\" data-id=\"f0ba600\" data-element_type=\"widget\" data-widget_type=\"text-editor.default\">\n\t\t\t\t<div class=\"elementor-widget-container\">\n\t\t\t\t\t\t\t<h6><span style=\"font-weight: normal;\">La nostra empresa disposa de la Classificaci\u00f3 Empresarial atorgada pel departament d&#8217;Economia i Finances de la Generalitat de Catalunya.&nbsp;<\/span><\/h6>\n<h6><span style=\"font-weight: normal;\">Tot el nostre personal est\u00e0 donat d&#8217;alta en el r\u00e8gim general de la Seguretat Social des del primer dia, presentem el TC1 i TC2 mensualment a petici\u00f3 dels nostres clients. Aix\u00ed mateix anualment enviem el certificat de contractistes i subcontractistes de corrent de pagament a l&#8217;Ag\u00e8ncia Tribut\u00e0ria.<\/span><\/h6>\n<h6><span style=\"font-weight: normal;\">El nostre personal disposa des del moment de la incorporaci\u00f3 del material i epi necessari per dur a terme una execuci\u00f3 professional de l&#8217;activitat laboral. Tanmateix, cadasc\u00fa dels nostres treballadors passa <span style=\"color: rgb(0, 0, 0); font-family: &quot;Open Sans&quot;, Helvetica, Arial, sans-serif; caret-color: rgb(0, 0, 0);\">revisi\u00f3 m\u00e8dica que garanteix un correcte estat de salut per a desenvolupament de les tasques.<\/span><\/span><\/h6>\n<h6><span style=\"font-weight: normal;\">Per altra banda, el personal de la nostra empresa est\u00e0 informat de la Llei Org\u00e0nica de Protecci\u00f3 de Dades (L.0.P.D.) tenint en compte el secret professional, obligant a mantenir en absoluta confidencialitat qualsevol dada o informaci\u00f3 que pogu\u00e9s coneixes en ocasi\u00f3 del compliment de la seva labor en les instal\u00b7lacions dels nostres clients.<\/span><\/h6>\n<h6><span style=\"font-weight: normal;\">Disposem d&#8217;una Asseguran\u00e7a de Responsabilitat Civil amb solv\u00e8ncia per tal de poder cobrir qualsevol accident o sinistre que involunt\u00e0riament pogu\u00e9s ocasionar el nostre personal.<\/span><\/h6><h6><span style=\"font-weight: normal;\"><br><\/span><\/h6>\n<h6><span style=\"font-weight: normal;\">JIM, S.L. \u00e9s membre col\u00b7laborador de l&#8217;ASCEN, &#8220;Associaci\u00f3 Catalana d&#8217;Empreses de Neteja&#8221;.<\/span><\/h6>\t\t\t\t\t\t<\/div>\n\t\t\t\t<\/div>\n\t\t\t\t\t<\/div>\n\t\t<\/div>\n\t\t\t\t<div class=\"elementor-column elementor-col-33 elementor-top-column elementor-element elementor-element-9315c11\" data-id=\"9315c11\" data-element_type=\"column\">\n\t\t\t<div class=\"elementor-widget-wrap elementor-element-populated\">\n\t\t\t\t\t\t\t\t<div class=\"elementor-element elementor-element-aac535f elementor-widget elementor-widget-image\" data-id=\"aac535f\" data-element_type=\"widget\" data-widget_type=\"image.default\">\n\t\t\t\t<div class=\"elementor-widget-container\">\n\t\t\t<style>\/*! elementor - v3.10.0 - 09-01-2023 *\/\n.elementor-widget-image{text-align:center}.elementor-widget-image a{display:inline-block}.elementor-widget-image a img[src$=\".svg\"]{width:48px}.elementor-widget-image img{vertical-align:middle;display:inline-block}<\/style>\t\t\t\t\t\t\t\t\t\t\t\t<img loading=\"lazy\" decoding=\"async\" width=\"768\" height=\"1024\" src=\"https:\/\/jimsl.net\/wp-content\/uploads\/2021\/11\/IMG_7424-768x1024.jpg\" class=\"attachment-large size-large wp-image-227\" alt=\"\" srcset=\"https:\/\/jimsl.net\/wp-content\/uploads\/2021\/11\/IMG_7424-768x1024.jpg 768w, https:\/\/jimsl.net\/wp-content\/uploads\/2021\/11\/IMG_7424-225x300.jpg 225w, https:\/\/jimsl.net\/wp-content\/uploads\/2021\/11\/IMG_7424-1152x1536.jpg 1152w, https:\/\/jimsl.net\/wp-content\/uploads\/2021\/11\/IMG_7424-1536x2048.jpg 1536w, https:\/\/jimsl.net\/wp-content\/uploads\/2021\/11\/IMG_7424-scaled.jpg 1920w\" sizes=\"auto, (max-width: 768px) 100vw, 768px\" \/>\t\t\t\t\t\t\t\t\t\t\t\t\t\t\t<\/div>\n\t\t\t\t<\/div>\n\t\t\t\t<div class=\"elementor-element elementor-element-c13ea1f elementor-widget elementor-widget-image\" data-id=\"c13ea1f\" data-element_type=\"widget\" data-widget_type=\"image.default\">\n\t\t\t\t<div class=\"elementor-widget-container\">\n\t\t\t\t\t\t\t\t\t\t\t\t\t\t\t<img loading=\"lazy\" decoding=\"async\" width=\"300\" height=\"95\" src=\"https:\/\/jimsl.net\/wp-content\/uploads\/2021\/11\/descarga.png\" class=\"attachment-large size-large wp-image-312\" alt=\"\" \/>\t\t\t\t\t\t\t\t\t\t\t\t\t\t\t<\/div>\n\t\t\t\t<\/div>\n\t\t\t\t\t<\/div>\n\t\t<\/div>\n\t\t\t\t\t\t\t<\/div>\n\t\t<\/section>\n\t\t\t\t\t\t\t<\/div>\n\t\t","protected":false},"excerpt":{"rendered":"<p>La nostra empresa disposa de la Classificaci\u00f3 Empresarial atorgada pel departament d&#8217;Economia i Finances de la Generalitat de Catalunya.&nbsp; Tot el nostre personal est\u00e0 donat d&#8217;alta en el r\u00e8gim general de la Seguretat Social des del primer dia, presentem el TC1 i TC2 mensualment a petici\u00f3 dels nostres clients. Aix\u00ed mateix anualment enviem el certificat [&hellip;]<\/p>\n","protected":false},"author":2,"featured_media":0,"parent":0,"menu_order":0,"comment_status":"closed","ping_status":"closed","template":"page-templates\/full-width-page.php","meta":{"footnotes":""},"class_list":["post-132","page","type-page","status-publish","hentry"],"_links":{"self":[{"href":"https:\/\/jimsl.net\/index.php?rest_route=\/wp\/v2\/pages\/132","targetHints":{"allow":["GET"]}}],"collection":[{"href":"https:\/\/jimsl.net\/index.php?rest_route=\/wp\/v2\/pages"}],"about":[{"href":"https:\/\/jimsl.net\/index.php?rest_route=\/wp\/v2\/types\/page"}],"author":[{"embeddable":true,"href":"https:\/\/jimsl.net\/index.php?rest_route=\/wp\/v2\/users\/2"}],"replies":[{"embeddable":true,"href":"https:\/\/jimsl.net\/index.php?rest_route=%2Fwp%2Fv2%2Fcomments&post=132"}],"version-history":[{"count":17,"href":"https:\/\/jimsl.net\/index.php?rest_route=\/wp\/v2\/pages\/132\/revisions"}],"predecessor-version":[{"id":325,"href":"https:\/\/jimsl.net\/index.php?rest_route=\/wp\/v2\/pages\/132\/revisions\/325"}],"wp:attachment":[{"href":"https:\/\/jimsl.net\/index.php?rest_route=%2Fwp%2Fv2%2Fmedia&parent=132"}],"curies":[{"name":"wp","href":"https:\/\/api.w.org\/{rel}","templated":true}]}}